{"id":8545,"date":"2018-09-23T04:23:26","date_gmt":"2018-09-23T04:23:26","guid":{"rendered":"http:\/\/scottrosinlaw.wpenginepowered.com\/?page_id=8545"},"modified":"2024-06-03T04:50:35","modified_gmt":"2024-06-03T04:50:35","slug":"espanol","status":"publish","type":"page","link":"https:\/\/scottrosinlaw.com\/index.php\/espanol\/","title":{"rendered":"Espa\u00f1ol"},"content":{"rendered":"<div class=\"wpb-content-wrapper\"><p>[vc_section full_width=&#8221;stretch_row&#8221; css=&#8221;.vc_custom_1535357922930{margin-top: 0px !important;margin-bottom: 0px !important;padding-top: 0px !important;padding-bottom: 0px !important;background: #ffffff url(https:\/\/scottrosinlaw.com\/wp-content\/uploads\/2018\/08\/Home-1-Welcome-Background-Image.png) !important;}&#8221; el_class=&#8221;background-position-center-top background-repeat-repeat-x&#8221;][vc_row full_width=&#8221;stretch_row&#8221; css=&#8221;.vc_custom_1535443638369{margin-top: 0px !important;margin-bottom: 0px !important;padding-top: 0px !important;padding-bottom: 30px !important;}&#8221;][vc_column width=&#8221;1\/12&#8243; css=&#8221;.vc_custom_1534489075137{margin-top: 0px !important;margin-bottom: 0px !important;padding-top: 0px !important;padding-bottom: 0px !important;}&#8221;][\/vc_column][vc_column width=&#8221;5\/6&#8243; css=&#8221;.vc_custom_1534489084866{margin-top: 0px !important;margin-bottom: 0px !important;padding-top: 0px !important;padding-bottom: 0px !important;}&#8221;][vc_custom_heading text=&#8221;<br \/>\nServicios en Espa\u00f1ol&#8221; font_container=&#8221;tag:h2|font_size:30px|text_align:center|line_height:40px&#8221; use_theme_fonts=&#8221;yes&#8221; css=&#8221;.vc_custom_1537676679158{margin-top: 0px !important;margin-bottom: 22px !important;}&#8221;][vc_column_text css=&#8221;.vc_custom_1537676861215{margin-top: 0px !important;margin-bottom: 0px !important;}&#8221;]<span style=\"color: #777777;\"><span style=\"font-family: Lato, helvetica, arial, sans-serif;\"><span style=\"font-size: medium;\">La bancarrota es uno de los m\u00e1s incomprendidos procesos disponibles. \u00a0Las leyes de bancarrota son un instrumento financiero como cualquier otro, dise\u00f1ado para ayudar a las personas volver a ponerse en pie y contribuir a la econom\u00eda. La bancarrota puede ser \u00fatil en muchas situaciones diferentes, tales como un ejecuci\u00f3n domiciliaria, aplastante deuda de tarjeta de cr\u00e9dito o una necesidad de empezar con una p\u00e1gina limpia.<\/span><\/span><\/span><\/p>\n<p>&nbsp;<\/p>\n<p><span style=\"color: #777777;\"><span style=\"font-family: Lato, helvetica, arial, sans-serif;\"><span style=\"font-size: medium;\">El Abogado de bancarotta\u00a0Scott A. Rosin P.A. puede\u00a0explicarle y guiarle en el proceso de bancarrota, analizar los pros y contras de su situaci\u00f3n espec\u00edfica, y ayudarle a decidir si es una buen opci\u00f3n para usted.<\/span><\/span><\/span><\/p>\n<p><span style=\"color: #777777;\"><span style=\"font-family: Lato, helvetica, arial, sans-serif;\"><span style=\"font-size: medium;\">Los problemas financieros no desaparecen si se dejan solos, en cambio, como un fuego, continuan haciendose m\u00e1s y m\u00e1s\u00a0grandes. No espere que sea demasiado tarde, enfrente la situaci\u00f3n ahora!<\/span><\/span><\/span><\/p>\n<p>&nbsp;<\/p>\n<p><span style=\"color: #777777;\"><span style=\"font-family: Lato, helvetica, arial, sans-serif;\"><span style=\"font-size: medium;\"><span style=\"color: #000000;\"><strong>Scott A. Rosin P.A.<\/strong><\/span> es un abogado de alivio de deudas que brinda asistencia a quienes desean presentar una declaracion de bancarotta amaparados por el Codigo de Bancarotta. Es uno de los mejores abogados de bancarotta en La Bahia de Tampa ofreciendo:<\/span><\/span><\/span><\/p>\n<p>&nbsp;<\/p>\n<p><span style=\"color: #000000;\"><strong><span style=\"font-family: Lato, helvetica, arial, sans-serif;\"><span style=\"font-size: medium;\"><b>Excelente Servicio<\/b><\/span><\/span><\/strong><\/span><span style=\"color: #777777;\"><span style=\"font-family: Lato, helvetica, arial, sans-serif;\"><span style=\"font-size: medium;\"><br \/>\nConsultas Gratis!<\/span><\/span><\/span><\/p>\n<p><span style=\"color: #777777;\"><span style=\"font-family: Lato, helvetica, arial, sans-serif;\"><span style=\"font-size: medium;\">Un abogado de bancarotta que brinda atencion telefonica seis dias a la semana y horario noctumo.<\/span><\/span><\/span><\/p>\n<p>&nbsp;<\/p>\n<p><span style=\"color: #000000;\"><strong><span style=\"font-family: Lato, helvetica, arial, sans-serif;\"><span style=\"font-size: medium;\"><b>Bajos Honorarios<\/b><\/span><\/span><\/strong><\/span><span style=\"color: #777777;\"><span style=\"font-family: Lato, helvetica, arial, sans-serif;\"><span style=\"font-size: medium;\"><br \/>\nPlanes de pago flexibles y estimacion de honorarios por telefono.<\/span><\/span><\/span><\/p>\n<p>&nbsp;<\/p>\n<p><span style=\"color: #000000;\"><strong><span style=\"font-family: Lato, helvetica, arial, sans-serif;\"><span style=\"font-size: medium;\"><b>Experencia<\/b><\/span><\/span><\/strong><\/span><span style=\"color: #777777;\"><span style=\"font-family: Lato, helvetica, arial, sans-serif;\"><span style=\"font-size: medium;\"><br \/>\nMiles de clientes satisfechos.<\/span><\/span><\/span><\/p>\n<p>&nbsp;<\/p>\n<p><span style=\"color: #000000;\"><strong><span style=\"font-family: Lato, helvetica, arial, sans-serif;\"><span style=\"font-size: medium;\"><b>Excelente Ubicacion<\/b><\/span><\/span><\/strong><\/span><span style=\"color: #777777;\"><span style=\"font-family: Lato, helvetica, arial, sans-serif;\"><span style=\"font-size: medium;\"><br \/>\nNuestro oficinas poseen una conveniente ubicacion para todo La Bahia de Tampa!<\/span><\/span><\/span><\/p>\n<p>&nbsp;<\/p>\n<hr \/>\n<h3 class=\"western\"><\/h3>\n<ul>\n<li style=\"list-style-type: none;\">\n<ul>\n<li style=\"list-style-type: none;\">\n<ul>\n<li style=\"list-style-type: none;\">\n<ul>\n<li>\n<h4 class=\"western\"><span style=\"color: #000000;\"><span style=\"font-family: Lato, helvetica, arial, sans-serif;\"><span style=\"font-size: medium;\"><b>Reduccion De Deuda (Consultations)<\/b><\/span><\/span><\/span><\/h4>\n<\/li>\n<li>\n<h4 class=\"western\"><span style=\"color: #000000;\"><span style=\"font-family: Lato, helvetica, arial, sans-serif;\"><span style=\"font-size: medium;\"><b>Bancarotta<\/b><\/span><\/span><\/span><\/h4>\n<\/li>\n<li>\n<h4 class=\"western\"><span style=\"color: #000000;\"><span style=\"font-family: Lato, helvetica, arial, sans-serif;\"><span style=\"font-size: medium;\"><b>Capitulo 7<\/b><\/span><\/span><\/span><\/h4>\n<\/li>\n<li>\n<h4 class=\"western\"><span style=\"color: #000000;\"><span style=\"font-family: Lato, helvetica, arial, sans-serif;\"><span style=\"font-size: medium;\"><b>Capitulo 13<\/b><\/span><\/span><\/span><\/h4>\n<\/li>\n<li>\n<h4 class=\"western\"><span style=\"color: #000000;\"><span style=\"font-family: Lato, helvetica, arial, sans-serif;\"><span style=\"font-size: medium;\"><b>Las Ejecuciones Hipotecarias (Foreclosures)<\/b><\/span><\/span><\/span><\/h4>\n<\/li>\n<li>\n<h4 class=\"western\"><span style=\"color: #000000;\"><span style=\"font-family: Lato, helvetica, arial, sans-serif;\"><span style=\"font-size: medium;\"><b>Alivio De La Deuda (Debt Relief)<\/b><\/span><\/span><\/span><\/h4>\n<\/li>\n<li>\n<h4 class=\"western\"><span style=\"color: #000000;\"><strong><span style=\"font-family: Lato, helvetica, arial, sans-serif;\"><span style=\"font-size: medium;\"><b>Testamentos (Wills)<\/b><\/span><\/span><\/strong><\/span><\/h4>\n<\/li>\n<\/ul>\n<\/li>\n<\/ul>\n<\/li>\n<\/ul>\n<\/li>\n<\/ul>\n<p>[\/vc_column_text][\/vc_column][vc_column width=&#8221;1\/12&#8243; css=&#8221;.vc_custom_1534489097011{margin-top: 0px !important;margin-bottom: 0px !important;padding-top: 0px !important;padding-bottom: 0px !important;}&#8221;][\/vc_column][\/vc_row][\/vc_section][vc_section full_width=&#8221;stretch_row&#8221; css=&#8221;.vc_custom_1534584707024{margin-top: 0px !important;margin-bottom: 0px !important;padding-top: 0px !important;padding-bottom: 0px !important;background-color: #ffffff !important;}&#8221;][\/vc_section]<\/p>\n<\/div>","protected":false},"excerpt":{"rendered":"<p>[vc_section full_width=&#8221;stretch_row&#8221; css=&#8221;.vc_custom_1535357922930{margin-top: 0px !important;margin-bottom: 0px !important;padding-top: 0px !important;padding-bottom: 0px !important;background: #ffffff url(https:\/\/scottrosinlaw.com\/wp-content\/uploads\/2018\/08\/Home-1-Welcome-Background-Image.png) !important;}&#8221; el_class=&#8221;background-position-center-top background-repeat-repeat-x&#8221;][vc_row full_width=&#8221;stretch_row&#8221; css=&#8221;.vc_custom_1535443638369{margin-top: 0px !important;margin-bottom: 0px !important;padding-top: 0px !important;padding-bottom: 30px !important;}&#8221;][vc_column width=&#8221;1\/12&#8243; css=&#8221;.vc_custom_1534489075137{margin-top: 0px !important;margin-bottom: 0px !important;padding-top: 0px !important;padding-bottom: 0px !important;}&#8221;][\/vc_column][vc_column width=&#8221;5\/6&#8243; css=&#8221;.vc_custom_1534489084866{margin-top: 0px !important;margin-bottom: 0px !important;padding-top: 0px !important;padding-bottom: 0px !important;}&#8221;][vc_custom_heading text=&#8221; Servicios en Espa\u00f1ol&#8221; font_container=&#8221;tag:h2|font_size:30px|text_align:center|line_height:40px&#8221; use_theme_fonts=&#8221;yes&#8221; css=&#8221;.vc_custom_1537676679158{margin-top: 0px !important;margin-bottom: [&hellip;]<\/p>\n","protected":false},"author":2,"featured_media":0,"parent":0,"menu_order":0,"comment_status":"closed","ping_status":"closed","template":"","meta":{"om_disable_all_campaigns":false,"footnotes":""},"class_list":["post-8545","page","type-page","status-publish","hentry"],"_links":{"self":[{"href":"https:\/\/scottrosinlaw.com\/index.php\/wp-json\/wp\/v2\/pages\/8545","targetHints":{"allow":["GET"]}}],"collection":[{"href":"https:\/\/scottrosinlaw.com\/index.php\/wp-json\/wp\/v2\/pages"}],"about":[{"href":"https:\/\/scottrosinlaw.com\/index.php\/wp-json\/wp\/v2\/types\/page"}],"author":[{"embeddable":true,"href":"https:\/\/scottrosinlaw.com\/index.php\/wp-json\/wp\/v2\/users\/2"}],"replies":[{"embeddable":true,"href":"https:\/\/scottrosinlaw.com\/index.php\/wp-json\/wp\/v2\/comments?post=8545"}],"version-history":[{"count":0,"href":"https:\/\/scottrosinlaw.com\/index.php\/wp-json\/wp\/v2\/pages\/8545\/revisions"}],"wp:attachment":[{"href":"https:\/\/scottrosinlaw.com\/index.php\/wp-json\/wp\/v2\/media?parent=8545"}],"curies":[{"name":"wp","href":"https:\/\/api.w.org\/{rel}","templated":true}]}}